{"id":9,"date":"2018-02-27T13:59:05","date_gmt":"2018-02-27T12:59:05","guid":{"rendered":"http:\/\/snupden-fsu.fr\/?page_id=9"},"modified":"2025-11-18T18:12:24","modified_gmt":"2025-11-18T17:12:24","slug":"contact","status":"publish","type":"page","link":"https:\/\/snupden-fsu.fr\/index.php\/contact\/","title":{"rendered":"Contact"},"content":{"rendered":"<p>Si vous avez des questions particuli\u00e8res, le plus simple est de nous contacter par mail.<\/p>\n<p>Vous pouvez \u00e9galement nous contacter par t\u00e9l\u00e9phone si vous le souhaitez.<\/p>\n<p>Nous ferons de notre mieux pour r\u00e9pondre \u00e0 vos questions et \u00e0 vos attentes :<\/p>\n<figure id=\"attachment_103\" aria-describedby=\"caption-attachment-103\" style=\"width: 108px\" class=\"wp-caption aligncenter\"><img loading=\"lazy\" decoding=\"async\" class=\" wp-image-103\" src=\"http:\/\/snupden-fsu.fr\/wp-content\/uploads\/2018\/03\/mail.jpg\" alt=\"\" width=\"108\" height=\"97\" \/><figcaption id=\"caption-attachment-103\" class=\"wp-caption-text\"><a href=\"mailto:snupden@fsu.fr\">snupden@fsu.fr<\/a><\/figcaption><\/figure>\n<p>Adresse :<\/p>\n<p>sn<strong><em>U<\/em><\/strong>.pden-FSU<br class=\"manualbr\" \/>Bourse du Travail<br class=\"manualbr\" \/>Place de la Lib\u00e9ration<br class=\"manualbr\" \/>93016 Bobigny Cedex<br class=\"manualbr\" \/>T\u00e9l. : 06 36 95 35 94<\/p>\n<p><strong>Paris, le 4 avril 2024<\/strong><\/p>\n<p><strong>Le bureau national<\/strong><\/p>\n","protected":false},"excerpt":{"rendered":"<div class=\"mh-excerpt\"><p>Si vous avez des questions particuli\u00e8res, le plus simple est de nous contacter par mail. Vous pouvez \u00e9galement nous contacter par t\u00e9l\u00e9phone si vous le souhaitez. Nous ferons de notre <a class=\"mh-excerpt-more\" href=\"https:\/\/snupden-fsu.fr\/index.php\/contact\/\" title=\"Contact\">[&#8230;]<\/a><\/p>\n<\/div>","protected":false},"author":1,"featured_media":0,"parent":0,"menu_order":0,"comment_status":"closed","ping_status":"closed","template":"","meta":{"footnotes":""},"class_list":["post-9","page","type-page","status-publish","hentry"],"_links":{"self":[{"href":"https:\/\/snupden-fsu.fr\/index.php\/wp-json\/wp\/v2\/pages\/9","targetHints":{"allow":["GET"]}}],"collection":[{"href":"https:\/\/snupden-fsu.fr\/index.php\/wp-json\/wp\/v2\/pages"}],"about":[{"href":"https:\/\/snupden-fsu.fr\/index.php\/wp-json\/wp\/v2\/types\/page"}],"author":[{"embeddable":true,"href":"https:\/\/snupden-fsu.fr\/index.php\/wp-json\/wp\/v2\/users\/1"}],"replies":[{"embeddable":true,"href":"https:\/\/snupden-fsu.fr\/index.php\/wp-json\/wp\/v2\/comments?post=9"}],"version-history":[{"count":14,"href":"https:\/\/snupden-fsu.fr\/index.php\/wp-json\/wp\/v2\/pages\/9\/revisions"}],"predecessor-version":[{"id":4589,"href":"https:\/\/snupden-fsu.fr\/index.php\/wp-json\/wp\/v2\/pages\/9\/revisions\/4589"}],"wp:attachment":[{"href":"https:\/\/snupden-fsu.fr\/index.php\/wp-json\/wp\/v2\/media?parent=9"}],"curies":[{"name":"wp","href":"https:\/\/api.w.org\/{rel}","templated":true}]}}