{"id":5442,"date":"2026-01-12T11:13:38","date_gmt":"2026-01-12T10:13:38","guid":{"rendered":"https:\/\/snupden-fsu.fr\/?page_id=5442"},"modified":"2026-01-12T11:13:55","modified_gmt":"2026-01-12T10:13:55","slug":"retraites-et-psc","status":"publish","type":"page","link":"https:\/\/snupden-fsu.fr\/index.php\/retraites-et-psc\/","title":{"rendered":"Retrait\u00e9s et PSC"},"content":{"rendered":"\n<p>La cotisation de l\u2019agent retrait\u00e9 passe de 100 % de la cotisation d\u2019\u00e9quilibre la premi\u00e8re ann\u00e9e \u00e0 175 % au bout de 7 ans. Pour les retrait\u00e9s actuels, le taux est de 175 %.<\/p>\n\n\n\n<figure class=\"wp-block-table\"><table class=\"has-fixed-layout\"><tbody><tr><td class=\"has-text-align-center\" data-align=\"center\"><strong>Ann\u00e9e de la retraite<\/strong><\/td><td class=\"has-text-align-center\" data-align=\"center\"><strong>Taux de la cotisation d&rsquo;\u00e9quilibre<\/strong><\/td><td class=\"has-text-align-center\" data-align=\"center\"><strong>Montant<\/strong><\/td><\/tr><tr><td class=\"has-text-align-center\" data-align=\"center\">Ann\u00e9e 1<\/td><td class=\"has-text-align-center\" data-align=\"center\">100%<\/td><td class=\"has-text-align-center\" data-align=\"center\">78,05 euros<\/td><\/tr><tr><td class=\"has-text-align-center\" data-align=\"center\">Ann\u00e9e 2<\/td><td class=\"has-text-align-center\" data-align=\"center\">125%<\/td><td class=\"has-text-align-center\" data-align=\"center\">101,85 euros<\/td><\/tr><tr><td class=\"has-text-align-center\" data-align=\"center\">Ann\u00e9e 3, 4 et 5<\/td><td class=\"has-text-align-center\" data-align=\"center\">150%<\/td><td class=\"has-text-align-center\" data-align=\"center\">117,08 euros<\/td><\/tr><tr><td class=\"has-text-align-center\" data-align=\"center\">Ann\u00e9e 6<\/td><td class=\"has-text-align-center\" data-align=\"center\">160%<\/td><td class=\"has-text-align-center\" data-align=\"center\">128,79 euros<\/td><\/tr><tr><td class=\"has-text-align-center\" data-align=\"center\">Apr\u00e8s<\/td><td class=\"has-text-align-center\" data-align=\"center\">175%<\/td><td class=\"has-text-align-center\" data-align=\"center\">136,59 euros<\/td><\/tr><\/tbody><\/table><\/figure>\n\n\n\n<p>Pour les options, la cotisation mensuelle augmente avec l\u2019\u00e2ge de l\u2019agent retrait\u00e9 :<br>Option 1 de 8\u20ac31 (agent de 60 ans) \u00e0 15\u20ac99 (agent de 80 ans)<\/p>\n\n\n\n<p>Option 2 de 30\u20ac87 (agent de 60 ans) \u00e0 59\u20ac05 (agent de 80 ans)<br><\/p>\n\n\n\n<p>Pour les <strong>ayants droits d\u2019un agent retrait\u00e9<\/strong>, les cotisations mensuelles varient avec <strong>\u00e2ge de l\u2019agent retrait\u00e9<\/strong> :<br>Socle : de 97\u20ac (agent de 60 ans) \u00e0 173\u20ac (agent de 80 ans)<\/p>\n\n\n\n<p>Options :<\/p>\n\n\n\n<p>option 1 de 8\u20ac31 \u00e0 15\u20ac99<\/p>\n\n\n\n<p>option 2 de 30\u20ac87 \u00e0 59\u20ac05.<br><\/p>\n\n\n\n<p><strong>La variation des cotisations avec l\u2019\u00e2ge de l\u2019agent retrait\u00e9 n\u2019\u00e9tait pas annonc\u00e9e lors des \u00ab n\u00e9gociations \u00bb<\/strong>.<br>Les retrait\u00e9s auront deux ans \u00e0 partir de mai 2026 pour choisir d\u2019adh\u00e9rer au contrat collectif obligatoire ou garder leur contrat individuel. Leur affiliation ne se fera pas par voie \u00e9lectronique mais par rendez-vous physique en agence MGEN ou par t\u00e9l\u00e9phone.<\/p>\n\n\n\n<p class=\"has-text-align-center\"><strong>Cotisation retrait\u00e9s 2026, 2027 et 2028<\/strong><\/p>\n\n\n<div class=\"wp-block-image\">\n<figure class=\"aligncenter size-full\"><img loading=\"lazy\" decoding=\"async\" width=\"526\" height=\"451\" src=\"https:\/\/snupden-fsu.fr\/wp-content\/uploads\/2026\/01\/image.png\" alt=\"\" class=\"wp-image-5444\" srcset=\"https:\/\/snupden-fsu.fr\/wp-content\/uploads\/2026\/01\/image.png 526w, https:\/\/snupden-fsu.fr\/wp-content\/uploads\/2026\/01\/image-300x257.png 300w\" sizes=\"auto, (max-width: 526px) 100vw, 526px\" \/><\/figure>\n<\/div>\n\n\n<p>Le montant qu\u2019il faut retenir est celui des lignes en vert qui repr\u00e9sente la cotisation totale.<\/p>\n\n\n\n<p><\/p>\n","protected":false},"excerpt":{"rendered":"<div class=\"mh-excerpt\"><p>La cotisation de l\u2019agent retrait\u00e9 passe de 100 % de la cotisation d\u2019\u00e9quilibre la premi\u00e8re ann\u00e9e \u00e0 175 % au bout de 7 ans. Pour les retrait\u00e9s actuels, le taux <a class=\"mh-excerpt-more\" href=\"https:\/\/snupden-fsu.fr\/index.php\/retraites-et-psc\/\" title=\"Retrait\u00e9s et PSC\">[&#8230;]<\/a><\/p>\n<\/div>","protected":false},"author":1,"featured_media":0,"parent":0,"menu_order":0,"comment_status":"closed","ping_status":"closed","template":"","meta":{"_bbp_topic_count":0,"_bbp_reply_count":0,"_bbp_total_topic_count":0,"_bbp_total_reply_count":0,"_bbp_voice_count":0,"_bbp_anonymous_reply_count":0,"_bbp_topic_count_hidden":0,"_bbp_reply_count_hidden":0,"_bbp_forum_subforum_count":0,"_exactmetrics_skip_tracking":false,"_exactmetrics_sitenote_active":false,"_exactmetrics_sitenote_note":"","_exactmetrics_sitenote_category":0,"footnotes":""},"class_list":["post-5442","page","type-page","status-publish","hentry"],"yoast_head":"<!-- This site is optimized with the Yoast SEO plugin v18.5.1 - https:\/\/yoast.com\/wordpress\/plugins\/seo\/ -->\n<title>Retrait\u00e9s et PSC -<\/title>\n<meta name=\"robots\" content=\"index, follow, max-snippet:-1, max-image-preview:large, max-video-preview:-1\" \/>\n<link rel=\"canonical\" href=\"https:\/\/snupden-fsu.fr\/index.php\/retraites-et-psc\/\" \/>\n<meta property=\"og:locale\" content=\"fr_FR\" \/>\n<meta property=\"og:type\" content=\"article\" \/>\n<meta property=\"og:title\" content=\"Retrait\u00e9s et PSC -\" \/>\n<meta property=\"og:description\" content=\"La cotisation de l\u2019agent retrait\u00e9 passe de 100 % de la cotisation d\u2019\u00e9quilibre la premi\u00e8re ann\u00e9e \u00e0 175 % au bout de 7 ans. Pour les retrait\u00e9s actuels, le taux [...]\" \/>\n<meta property=\"og:url\" content=\"https:\/\/snupden-fsu.fr\/index.php\/retraites-et-psc\/\" \/>\n<meta property=\"article:modified_time\" content=\"2026-01-12T10:13:55+00:00\" \/>\n<meta property=\"og:image\" content=\"https:\/\/snupden-fsu.fr\/wp-content\/uploads\/2026\/01\/image.png\" \/>\n<meta name=\"twitter:card\" content=\"summary_large_image\" \/>\n<meta name=\"twitter:label1\" content=\"Dur\u00e9e de lecture estim\u00e9e\" \/>\n\t<meta name=\"twitter:data1\" content=\"1 minute\" \/>\n<script type=\"application\/ld+json\" class=\"yoast-schema-graph\">{\"@context\":\"https:\/\/schema.org\",\"@graph\":[{\"@type\":\"Organization\",\"@id\":\"https:\/\/snupden-fsu.fr\/#organization\",\"name\":\"snU.Pden-FSU\",\"url\":\"https:\/\/snupden-fsu.fr\/\",\"sameAs\":[],\"logo\":{\"@type\":\"ImageObject\",\"@id\":\"https:\/\/snupden-fsu.fr\/#logo\",\"inLanguage\":\"fr-FR\",\"url\":\"http:\/\/snupden-fsu.fr\/wp-content\/uploads\/2018\/03\/logo_snupden-3.jpg\",\"contentUrl\":\"http:\/\/snupden-fsu.fr\/wp-content\/uploads\/2018\/03\/logo_snupden-3.jpg\",\"width\":612,\"height\":183,\"caption\":\"snU.Pden-FSU\"},\"image\":{\"@id\":\"https:\/\/snupden-fsu.fr\/#logo\"}},{\"@type\":\"WebSite\",\"@id\":\"https:\/\/snupden-fsu.fr\/#website\",\"url\":\"https:\/\/snupden-fsu.fr\/\",\"name\":\"snU.pden-FSU\",\"description\":\"Le snU.pden-FSU devient FSU Per Dir\",\"publisher\":{\"@id\":\"https:\/\/snupden-fsu.fr\/#organization\"},\"potentialAction\":[{\"@type\":\"SearchAction\",\"target\":{\"@type\":\"EntryPoint\",\"urlTemplate\":\"https:\/\/snupden-fsu.fr\/?s={search_term_string}\"},\"query-input\":\"required name=search_term_string\"}],\"inLanguage\":\"fr-FR\"},{\"@type\":\"ImageObject\",\"@id\":\"https:\/\/snupden-fsu.fr\/index.php\/retraites-et-psc\/#primaryimage\",\"inLanguage\":\"fr-FR\",\"url\":\"https:\/\/snupden-fsu.fr\/wp-content\/uploads\/2026\/01\/image.png\",\"contentUrl\":\"https:\/\/snupden-fsu.fr\/wp-content\/uploads\/2026\/01\/image.png\",\"width\":526,\"height\":451},{\"@type\":\"WebPage\",\"@id\":\"https:\/\/snupden-fsu.fr\/index.php\/retraites-et-psc\/#webpage\",\"url\":\"https:\/\/snupden-fsu.fr\/index.php\/retraites-et-psc\/\",\"name\":\"Retrait\u00e9s et PSC -\",\"isPartOf\":{\"@id\":\"https:\/\/snupden-fsu.fr\/#website\"},\"primaryImageOfPage\":{\"@id\":\"https:\/\/snupden-fsu.fr\/index.php\/retraites-et-psc\/#primaryimage\"},\"datePublished\":\"2026-01-12T10:13:38+00:00\",\"dateModified\":\"2026-01-12T10:13:55+00:00\",\"breadcrumb\":{\"@id\":\"https:\/\/snupden-fsu.fr\/index.php\/retraites-et-psc\/#breadcrumb\"},\"inLanguage\":\"fr-FR\",\"potentialAction\":[{\"@type\":\"ReadAction\",\"target\":[\"https:\/\/snupden-fsu.fr\/index.php\/retraites-et-psc\/\"]}]},{\"@type\":\"BreadcrumbList\",\"@id\":\"https:\/\/snupden-fsu.fr\/index.php\/retraites-et-psc\/#breadcrumb\",\"itemListElement\":[{\"@type\":\"ListItem\",\"position\":1,\"name\":\"Accueil\",\"item\":\"https:\/\/snupden-fsu.fr\/\"},{\"@type\":\"ListItem\",\"position\":2,\"name\":\"Retrait\u00e9s et PSC\"}]}]}<\/script>\n<!-- \/ Yoast SEO plugin. -->","yoast_head_json":{"title":"Retrait\u00e9s et PSC -","robots":{"index":"index","follow":"follow","max-snippet":"max-snippet:-1","max-image-preview":"max-image-preview:large","max-video-preview":"max-video-preview:-1"},"canonical":"https:\/\/snupden-fsu.fr\/index.php\/retraites-et-psc\/","og_locale":"fr_FR","og_type":"article","og_title":"Retrait\u00e9s et PSC -","og_description":"La cotisation de l\u2019agent retrait\u00e9 passe de 100 % de la cotisation d\u2019\u00e9quilibre la premi\u00e8re ann\u00e9e \u00e0 175 % au bout de 7 ans. Pour les retrait\u00e9s actuels, le taux [...]","og_url":"https:\/\/snupden-fsu.fr\/index.php\/retraites-et-psc\/","article_modified_time":"2026-01-12T10:13:55+00:00","og_image":[{"url":"https:\/\/snupden-fsu.fr\/wp-content\/uploads\/2026\/01\/image.png"}],"twitter_card":"summary_large_image","twitter_misc":{"Dur\u00e9e de lecture estim\u00e9e":"1 minute"},"schema":{"@context":"https:\/\/schema.org","@graph":[{"@type":"Organization","@id":"https:\/\/snupden-fsu.fr\/#organization","name":"snU.Pden-FSU","url":"https:\/\/snupden-fsu.fr\/","sameAs":[],"logo":{"@type":"ImageObject","@id":"https:\/\/snupden-fsu.fr\/#logo","inLanguage":"fr-FR","url":"http:\/\/snupden-fsu.fr\/wp-content\/uploads\/2018\/03\/logo_snupden-3.jpg","contentUrl":"http:\/\/snupden-fsu.fr\/wp-content\/uploads\/2018\/03\/logo_snupden-3.jpg","width":612,"height":183,"caption":"snU.Pden-FSU"},"image":{"@id":"https:\/\/snupden-fsu.fr\/#logo"}},{"@type":"WebSite","@id":"https:\/\/snupden-fsu.fr\/#website","url":"https:\/\/snupden-fsu.fr\/","name":"snU.pden-FSU","description":"Le snU.pden-FSU devient FSU Per Dir","publisher":{"@id":"https:\/\/snupden-fsu.fr\/#organization"},"potentialAction":[{"@type":"SearchAction","target":{"@type":"EntryPoint","urlTemplate":"https:\/\/snupden-fsu.fr\/?s={search_term_string}"},"query-input":"required name=search_term_string"}],"inLanguage":"fr-FR"},{"@type":"ImageObject","@id":"https:\/\/snupden-fsu.fr\/index.php\/retraites-et-psc\/#primaryimage","inLanguage":"fr-FR","url":"https:\/\/snupden-fsu.fr\/wp-content\/uploads\/2026\/01\/image.png","contentUrl":"https:\/\/snupden-fsu.fr\/wp-content\/uploads\/2026\/01\/image.png","width":526,"height":451},{"@type":"WebPage","@id":"https:\/\/snupden-fsu.fr\/index.php\/retraites-et-psc\/#webpage","url":"https:\/\/snupden-fsu.fr\/index.php\/retraites-et-psc\/","name":"Retrait\u00e9s et PSC -","isPartOf":{"@id":"https:\/\/snupden-fsu.fr\/#website"},"primaryImageOfPage":{"@id":"https:\/\/snupden-fsu.fr\/index.php\/retraites-et-psc\/#primaryimage"},"datePublished":"2026-01-12T10:13:38+00:00","dateModified":"2026-01-12T10:13:55+00:00","breadcrumb":{"@id":"https:\/\/snupden-fsu.fr\/index.php\/retraites-et-psc\/#breadcrumb"},"inLanguage":"fr-FR","potentialAction":[{"@type":"ReadAction","target":["https:\/\/snupden-fsu.fr\/index.php\/retraites-et-psc\/"]}]},{"@type":"BreadcrumbList","@id":"https:\/\/snupden-fsu.fr\/index.php\/retraites-et-psc\/#breadcrumb","itemListElement":[{"@type":"ListItem","position":1,"name":"Accueil","item":"https:\/\/snupden-fsu.fr\/"},{"@type":"ListItem","position":2,"name":"Retrait\u00e9s et PSC"}]}]}},"_links":{"self":[{"href":"https:\/\/snupden-fsu.fr\/index.php\/wp-json\/wp\/v2\/pages\/5442","targetHints":{"allow":["GET"]}}],"collection":[{"href":"https:\/\/snupden-fsu.fr\/index.php\/wp-json\/wp\/v2\/pages"}],"about":[{"href":"https:\/\/snupden-fsu.fr\/index.php\/wp-json\/wp\/v2\/types\/page"}],"author":[{"embeddable":true,"href":"https:\/\/snupden-fsu.fr\/index.php\/wp-json\/wp\/v2\/users\/1"}],"replies":[{"embeddable":true,"href":"https:\/\/snupden-fsu.fr\/index.php\/wp-json\/wp\/v2\/comments?post=5442"}],"version-history":[{"count":3,"href":"https:\/\/snupden-fsu.fr\/index.php\/wp-json\/wp\/v2\/pages\/5442\/revisions"}],"predecessor-version":[{"id":5446,"href":"https:\/\/snupden-fsu.fr\/index.php\/wp-json\/wp\/v2\/pages\/5442\/revisions\/5446"}],"wp:attachment":[{"href":"https:\/\/snupden-fsu.fr\/index.php\/wp-json\/wp\/v2\/media?parent=5442"}],"curies":[{"name":"wp","href":"https:\/\/api.w.org\/{rel}","templated":true}]}}