{"id":5434,"date":"2026-01-12T10:57:52","date_gmt":"2026-01-12T09:57:52","guid":{"rendered":"https:\/\/snupden-fsu.fr\/?page_id=5434"},"modified":"2026-01-12T11:00:02","modified_gmt":"2026-01-12T10:00:02","slug":"les-tarifs-et-la-prise-en-charge-employeur","status":"publish","type":"page","link":"https:\/\/snupden-fsu.fr\/index.php\/les-tarifs-et-la-prise-en-charge-employeur\/","title":{"rendered":"Les tarifs et la prise en charge employeur"},"content":{"rendered":"\n<p class=\"has-medium-font-size\"><strong>Pour les agents<\/strong><\/p>\n\n\n\n<p>Cotisation socle :<br>La prise en charge de 50 % par l\u2019employeur est calcul\u00e9 sur la base d\u2019une cotisation d\u2019\u00e9quilibre*. La cotisation d\u2019\u00e9quilibre pour l\u2019ann\u00e9e 2026 est \u00e0 75\u20ac40 (80\u20ac44\u20ac en 2027 et 84\u20ac25 \u20ac en 2028).<br>La prise en charge par l\u2019employeur sur la cotisation de chaque agent sera donc de 37\u20ac70.<br>Le co\u00fbt total de la cotisation pour chacun est diff\u00e9rent car calcul\u00e9 selon le revenu brut.<br>Cotisation options :<br>Option 1 : 7\u20ac23, Option 2 : 30\u20ac33.<br>L\u2019employeur participe \u00e0 hauteur de <strong>50 % de la cotisation, dans une limite de 5 \u20ac maximum<\/strong>.<\/p>\n\n\n\n<figure class=\"wp-block-table\"><table class=\"has-fixed-layout\"><tbody><tr><td class=\"has-text-align-center\" data-align=\"center\"><strong>Option<\/strong><\/td><td class=\"has-text-align-center\" data-align=\"center\"><strong>Participation employeur<\/strong><\/td><td class=\"has-text-align-center\" data-align=\"center\"><strong>Part \u00e0 la charge de l&rsquo;agent<\/strong><\/td><\/tr><tr><td class=\"has-text-align-center\" data-align=\"center\">Option 1<\/td><td class=\"has-text-align-center\" data-align=\"center\">3,60 euros<\/td><td class=\"has-text-align-center\" data-align=\"center\">3,63 euros<\/td><\/tr><tr><td class=\"has-text-align-center\" data-align=\"center\">Option 2<\/td><td class=\"has-text-align-center\" data-align=\"center\">5 euros<\/td><td class=\"has-text-align-center\" data-align=\"center\">25,33 euros<\/td><\/tr><\/tbody><\/table><\/figure>\n\n\n\n<p><em>Attention, un seul choix d&rsquo;option est possible pour l&rsquo;agent et ses ayants droits.<\/em><\/p>\n\n\n\n<p>Pour estimer la cotisation : <a href=\"https:\/\/www.mgen.fr\/psc-agents-en-esr-js\/\" target=\"_blank\" rel=\"noreferrer noopener\">https:\/\/www.mgen.fr\/psc-agents-en-esr-js\/<\/a><\/p>\n\n\n\n<p class=\"has-small-font-size\">* Le montant de la cotisation de l\u2019agent se d\u00e9compose en : &#8211; 50 % de la cotisation d\u2019\u00e9quilibre &#8211; 20 % part forfaitaire de la cotisation d\u2019\u00e9quilibre &#8211; une part solidaire moyenne li\u00e9e au traitement auquel s\u2019applique un coefficient de solidarit\u00e9 moyen calcul\u00e9 chaque ann\u00e9e. La cotisation d\u2019\u00e9quilibre correspond au co\u00fbt moyen des garanties pour les b\u00e9n\u00e9ficiaires actifs et des m\u00e9canismes de solidarit\u00e9 (gratuit\u00e9 pour enfants\u2026).<\/p>\n\n\n\n<p class=\"has-medium-font-size\"><strong>Cotisations des ayants droits<\/strong><\/p>\n\n\n\n<p><em>Le conjoint<\/em><\/p>\n\n\n\n<p>Cotisation Socle : 110% de la cotisation d\u2019\u00e9quilibre soit <strong>85,87 euros<\/strong> pour 2026.<br>Options : 100 % de la cotisation de l\u2019agent actif, soit :<\/p>\n\n\n\n<figure class=\"wp-block-table\"><table class=\"has-fixed-layout\"><tbody><tr><td class=\"has-text-align-center\" data-align=\"center\"><strong>Option<\/strong><\/td><td class=\"has-text-align-center\" data-align=\"center\"><strong>A la charge de l&rsquo;agent<\/strong><\/td><\/tr><tr><td class=\"has-text-align-center\" data-align=\"center\">Option 1<\/td><td class=\"has-text-align-center\" data-align=\"center\">7,23 euros<\/td><\/tr><tr><td class=\"has-text-align-center\" data-align=\"center\">Option 2<\/td><td class=\"has-text-align-center\" data-align=\"center\">30,33 euros<\/td><\/tr><\/tbody><\/table><\/figure>\n\n\n\n<p><em>Les enfants<\/em><\/p>\n\n\n\n<p>Cotisation socle :<br>50 % de la cotisation d\u2019\u00e9quilibre pour les deux premiers enfants soit 35,13 euros par enfant, puis gratuit pour les enfants suivants.<\/p>\n\n\n\n<figure class=\"wp-block-table\"><table class=\"has-fixed-layout\"><tbody><tr><td class=\"has-text-align-center\" data-align=\"center\"><strong>Enfant<\/strong><\/td><td class=\"has-text-align-center\" data-align=\"center\"><strong>A la charge de l&rsquo;agent<\/strong><\/td><\/tr><tr><td class=\"has-text-align-center\" data-align=\"center\">Enfant 1<\/td><td class=\"has-text-align-center\" data-align=\"center\">7,23 euros<\/td><\/tr><tr><td class=\"has-text-align-center\" data-align=\"center\">Enfant 2<\/td><td class=\"has-text-align-center\" data-align=\"center\">30,33 euros<\/td><\/tr><\/tbody><\/table><\/figure>\n\n\n\n<p>Options<\/p>\n\n\n\n<figure class=\"wp-block-table\"><table class=\"has-fixed-layout\"><tbody><tr><td class=\"has-text-align-center\" data-align=\"center\"><strong>Enfant<\/strong><\/td><td class=\"has-text-align-center\" data-align=\"center\"><strong>Option 1 \u00e0 la charge de l&rsquo;agent<\/strong><\/td><td class=\"has-text-align-center\" data-align=\"center\"><strong>Option 2 \u00e0 la charge de l&rsquo;agent<\/strong><\/td><\/tr><tr><td class=\"has-text-align-center\" data-align=\"center\">Enfant 1<\/td><td class=\"has-text-align-center\" data-align=\"center\">3,62 euros<\/td><td class=\"has-text-align-center\" data-align=\"center\">15,17 euros<\/td><\/tr><tr><td class=\"has-text-align-center\" data-align=\"center\">Enfant 2<\/td><td class=\"has-text-align-center\" data-align=\"center\">1,81 euro<\/td><td class=\"has-text-align-center\" data-align=\"center\">7,58 euros<\/td><\/tr><tr><td class=\"has-text-align-center\" data-align=\"center\">Enfant 3<\/td><td class=\"has-text-align-center\" data-align=\"center\">0 euro<\/td><td class=\"has-text-align-center\" data-align=\"center\">0 euro<\/td><\/tr><\/tbody><\/table><\/figure>\n\n\n\n<p><\/p>\n","protected":false},"excerpt":{"rendered":"<div class=\"mh-excerpt\"><p>Pour les agents Cotisation socle :La prise en charge de 50 % par l\u2019employeur est calcul\u00e9 sur la base d\u2019une cotisation d\u2019\u00e9quilibre*. La cotisation d\u2019\u00e9quilibre pour l\u2019ann\u00e9e 2026 est \u00e0 <a class=\"mh-excerpt-more\" href=\"https:\/\/snupden-fsu.fr\/index.php\/les-tarifs-et-la-prise-en-charge-employeur\/\" title=\"Les tarifs et la prise en charge employeur\">[&#8230;]<\/a><\/p>\n<\/div>","protected":false},"author":1,"featured_media":0,"parent":0,"menu_order":0,"comment_status":"closed","ping_status":"closed","template":"","meta":{"_bbp_topic_count":0,"_bbp_reply_count":0,"_bbp_total_topic_count":0,"_bbp_total_reply_count":0,"_bbp_voice_count":0,"_bbp_anonymous_reply_count":0,"_bbp_topic_count_hidden":0,"_bbp_reply_count_hidden":0,"_bbp_forum_subforum_count":0,"_exactmetrics_skip_tracking":false,"_exactmetrics_sitenote_active":false,"_exactmetrics_sitenote_note":"","_exactmetrics_sitenote_category":0,"footnotes":""},"class_list":["post-5434","page","type-page","status-publish","hentry"],"yoast_head":"<!-- This site is optimized with the Yoast SEO plugin v18.5.1 - https:\/\/yoast.com\/wordpress\/plugins\/seo\/ -->\n<title>Les tarifs et la prise en charge employeur -<\/title>\n<meta name=\"robots\" content=\"index, follow, max-snippet:-1, max-image-preview:large, max-video-preview:-1\" \/>\n<link rel=\"canonical\" href=\"https:\/\/snupden-fsu.fr\/index.php\/les-tarifs-et-la-prise-en-charge-employeur\/\" \/>\n<meta property=\"og:locale\" content=\"fr_FR\" \/>\n<meta property=\"og:type\" content=\"article\" \/>\n<meta property=\"og:title\" content=\"Les tarifs et la prise en charge employeur -\" \/>\n<meta property=\"og:description\" content=\"Pour les agents Cotisation socle :La prise en charge de 50 % par l\u2019employeur est calcul\u00e9 sur la base d\u2019une cotisation d\u2019\u00e9quilibre*. La cotisation d\u2019\u00e9quilibre pour l\u2019ann\u00e9e 2026 est \u00e0 [...]\" \/>\n<meta property=\"og:url\" content=\"https:\/\/snupden-fsu.fr\/index.php\/les-tarifs-et-la-prise-en-charge-employeur\/\" \/>\n<meta property=\"article:modified_time\" content=\"2026-01-12T10:00:02+00:00\" \/>\n<meta name=\"twitter:card\" content=\"summary_large_image\" \/>\n<meta name=\"twitter:label1\" content=\"Dur\u00e9e de lecture estim\u00e9e\" \/>\n\t<meta name=\"twitter:data1\" content=\"1 minute\" \/>\n<script type=\"application\/ld+json\" class=\"yoast-schema-graph\">{\"@context\":\"https:\/\/schema.org\",\"@graph\":[{\"@type\":\"Organization\",\"@id\":\"https:\/\/snupden-fsu.fr\/#organization\",\"name\":\"snU.Pden-FSU\",\"url\":\"https:\/\/snupden-fsu.fr\/\",\"sameAs\":[],\"logo\":{\"@type\":\"ImageObject\",\"@id\":\"https:\/\/snupden-fsu.fr\/#logo\",\"inLanguage\":\"fr-FR\",\"url\":\"http:\/\/snupden-fsu.fr\/wp-content\/uploads\/2018\/03\/logo_snupden-3.jpg\",\"contentUrl\":\"http:\/\/snupden-fsu.fr\/wp-content\/uploads\/2018\/03\/logo_snupden-3.jpg\",\"width\":612,\"height\":183,\"caption\":\"snU.Pden-FSU\"},\"image\":{\"@id\":\"https:\/\/snupden-fsu.fr\/#logo\"}},{\"@type\":\"WebSite\",\"@id\":\"https:\/\/snupden-fsu.fr\/#website\",\"url\":\"https:\/\/snupden-fsu.fr\/\",\"name\":\"snU.pden-FSU\",\"description\":\"Le snU.pden-FSU devient FSU Per Dir\",\"publisher\":{\"@id\":\"https:\/\/snupden-fsu.fr\/#organization\"},\"potentialAction\":[{\"@type\":\"SearchAction\",\"target\":{\"@type\":\"EntryPoint\",\"urlTemplate\":\"https:\/\/snupden-fsu.fr\/?s={search_term_string}\"},\"query-input\":\"required name=search_term_string\"}],\"inLanguage\":\"fr-FR\"},{\"@type\":\"WebPage\",\"@id\":\"https:\/\/snupden-fsu.fr\/index.php\/les-tarifs-et-la-prise-en-charge-employeur\/#webpage\",\"url\":\"https:\/\/snupden-fsu.fr\/index.php\/les-tarifs-et-la-prise-en-charge-employeur\/\",\"name\":\"Les tarifs et la prise en charge employeur -\",\"isPartOf\":{\"@id\":\"https:\/\/snupden-fsu.fr\/#website\"},\"datePublished\":\"2026-01-12T09:57:52+00:00\",\"dateModified\":\"2026-01-12T10:00:02+00:00\",\"breadcrumb\":{\"@id\":\"https:\/\/snupden-fsu.fr\/index.php\/les-tarifs-et-la-prise-en-charge-employeur\/#breadcrumb\"},\"inLanguage\":\"fr-FR\",\"potentialAction\":[{\"@type\":\"ReadAction\",\"target\":[\"https:\/\/snupden-fsu.fr\/index.php\/les-tarifs-et-la-prise-en-charge-employeur\/\"]}]},{\"@type\":\"BreadcrumbList\",\"@id\":\"https:\/\/snupden-fsu.fr\/index.php\/les-tarifs-et-la-prise-en-charge-employeur\/#breadcrumb\",\"itemListElement\":[{\"@type\":\"ListItem\",\"position\":1,\"name\":\"Accueil\",\"item\":\"https:\/\/snupden-fsu.fr\/\"},{\"@type\":\"ListItem\",\"position\":2,\"name\":\"Les tarifs et la prise en charge employeur\"}]}]}<\/script>\n<!-- \/ Yoast SEO plugin. -->","yoast_head_json":{"title":"Les tarifs et la prise en charge employeur -","robots":{"index":"index","follow":"follow","max-snippet":"max-snippet:-1","max-image-preview":"max-image-preview:large","max-video-preview":"max-video-preview:-1"},"canonical":"https:\/\/snupden-fsu.fr\/index.php\/les-tarifs-et-la-prise-en-charge-employeur\/","og_locale":"fr_FR","og_type":"article","og_title":"Les tarifs et la prise en charge employeur -","og_description":"Pour les agents Cotisation socle :La prise en charge de 50 % par l\u2019employeur est calcul\u00e9 sur la base d\u2019une cotisation d\u2019\u00e9quilibre*. La cotisation d\u2019\u00e9quilibre pour l\u2019ann\u00e9e 2026 est \u00e0 [...]","og_url":"https:\/\/snupden-fsu.fr\/index.php\/les-tarifs-et-la-prise-en-charge-employeur\/","article_modified_time":"2026-01-12T10:00:02+00:00","twitter_card":"summary_large_image","twitter_misc":{"Dur\u00e9e de lecture estim\u00e9e":"1 minute"},"schema":{"@context":"https:\/\/schema.org","@graph":[{"@type":"Organization","@id":"https:\/\/snupden-fsu.fr\/#organization","name":"snU.Pden-FSU","url":"https:\/\/snupden-fsu.fr\/","sameAs":[],"logo":{"@type":"ImageObject","@id":"https:\/\/snupden-fsu.fr\/#logo","inLanguage":"fr-FR","url":"http:\/\/snupden-fsu.fr\/wp-content\/uploads\/2018\/03\/logo_snupden-3.jpg","contentUrl":"http:\/\/snupden-fsu.fr\/wp-content\/uploads\/2018\/03\/logo_snupden-3.jpg","width":612,"height":183,"caption":"snU.Pden-FSU"},"image":{"@id":"https:\/\/snupden-fsu.fr\/#logo"}},{"@type":"WebSite","@id":"https:\/\/snupden-fsu.fr\/#website","url":"https:\/\/snupden-fsu.fr\/","name":"snU.pden-FSU","description":"Le snU.pden-FSU devient FSU Per Dir","publisher":{"@id":"https:\/\/snupden-fsu.fr\/#organization"},"potentialAction":[{"@type":"SearchAction","target":{"@type":"EntryPoint","urlTemplate":"https:\/\/snupden-fsu.fr\/?s={search_term_string}"},"query-input":"required name=search_term_string"}],"inLanguage":"fr-FR"},{"@type":"WebPage","@id":"https:\/\/snupden-fsu.fr\/index.php\/les-tarifs-et-la-prise-en-charge-employeur\/#webpage","url":"https:\/\/snupden-fsu.fr\/index.php\/les-tarifs-et-la-prise-en-charge-employeur\/","name":"Les tarifs et la prise en charge employeur -","isPartOf":{"@id":"https:\/\/snupden-fsu.fr\/#website"},"datePublished":"2026-01-12T09:57:52+00:00","dateModified":"2026-01-12T10:00:02+00:00","breadcrumb":{"@id":"https:\/\/snupden-fsu.fr\/index.php\/les-tarifs-et-la-prise-en-charge-employeur\/#breadcrumb"},"inLanguage":"fr-FR","potentialAction":[{"@type":"ReadAction","target":["https:\/\/snupden-fsu.fr\/index.php\/les-tarifs-et-la-prise-en-charge-employeur\/"]}]},{"@type":"BreadcrumbList","@id":"https:\/\/snupden-fsu.fr\/index.php\/les-tarifs-et-la-prise-en-charge-employeur\/#breadcrumb","itemListElement":[{"@type":"ListItem","position":1,"name":"Accueil","item":"https:\/\/snupden-fsu.fr\/"},{"@type":"ListItem","position":2,"name":"Les tarifs et la prise en charge employeur"}]}]}},"_links":{"self":[{"href":"https:\/\/snupden-fsu.fr\/index.php\/wp-json\/wp\/v2\/pages\/5434","targetHints":{"allow":["GET"]}}],"collection":[{"href":"https:\/\/snupden-fsu.fr\/index.php\/wp-json\/wp\/v2\/pages"}],"about":[{"href":"https:\/\/snupden-fsu.fr\/index.php\/wp-json\/wp\/v2\/types\/page"}],"author":[{"embeddable":true,"href":"https:\/\/snupden-fsu.fr\/index.php\/wp-json\/wp\/v2\/users\/1"}],"replies":[{"embeddable":true,"href":"https:\/\/snupden-fsu.fr\/index.php\/wp-json\/wp\/v2\/comments?post=5434"}],"version-history":[{"count":4,"href":"https:\/\/snupden-fsu.fr\/index.php\/wp-json\/wp\/v2\/pages\/5434\/revisions"}],"predecessor-version":[{"id":5439,"href":"https:\/\/snupden-fsu.fr\/index.php\/wp-json\/wp\/v2\/pages\/5434\/revisions\/5439"}],"wp:attachment":[{"href":"https:\/\/snupden-fsu.fr\/index.php\/wp-json\/wp\/v2\/media?parent=5434"}],"curies":[{"name":"wp","href":"https:\/\/api.w.org\/{rel}","templated":true}]}}