{"id":5397,"date":"2026-01-12T09:11:17","date_gmt":"2026-01-12T08:11:17","guid":{"rendered":"https:\/\/snupden-fsu.fr\/?page_id=5397"},"modified":"2026-01-12T09:11:18","modified_gmt":"2026-01-12T08:11:18","slug":"snu-pden-fsu-et-psc","status":"publish","type":"page","link":"https:\/\/snupden-fsu.fr\/index.php\/snu-pden-fsu-et-psc\/","title":{"rendered":"snU.pden-FSU et PSC"},"content":{"rendered":"\n<p>Pour le sn<strong><em>U<\/em><\/strong>.pden FSU, la PSC actuellement mise en place aura pour cons\u00e9quence \u00e0 terme de d\u00e9manteler la S\u00e9curit\u00e9 Sociale. <\/p>\n\n\n\n<p>Elle tourne le dos aux principes de la S\u00e9curit\u00e9 Sociale dont le principal : \u00ab de chacun selon ses moyens, \u00e0 chacun selon ses besoins \u00bb. La r\u00e9forme de la PSC dans la Fonction publique donne plus de place \u00e0 l\u2019assurance maladie compl\u00e9mentaire (AMC) au d\u00e9triment de l\u2019assurance maladie obligatoire (AMO).<\/p>\n\n\n\n<p>L\u2019AMC est un syst\u00e8me :<\/p>\n\n\n\n<ul class=\"wp-block-list\">\n<li>co\u00fbteux car il induit des frais de gestion suppl\u00e9mentaires dont des d\u00e9penses de publicit\u00e9 pour capter de nouveaux prospects<\/li>\n\n\n\n<li>in\u00e9galitaire car il repose sur une moindre couverture en sant\u00e9 pour les plus bas revenus.<br>Son d\u00e9veloppement se traduit par les reculs de la prise en charge des remboursements par l\u2019AMO, la marchandisation et l\u2019individualisation de la protection sociale. <\/li>\n<\/ul>\n\n\n\n<p><\/p>\n\n\n\n<p>La mise en oeuvre de la PSC \u00e0 la Fontion Publique casse les solidarit\u00e9s interg\u00e9n\u00e9rationnelles et intrag\u00e9n\u00e9rationnelles, retrait\u00e9s et ayants droits le payant au prix fort. Cette r\u00e9forme de la PSC n\u2019est pas celle du sn<strong><em>U<\/em><\/strong>.pden FSU qui l\u2019a d\u00e9nonc\u00e9e depuis la pr\u00e9sentation des premiers textes dans plusieurs articles de ses OSTIC. Il se retrouve dans les positions de la FSU qui s\u2019est oppos\u00e9e \u00e0 l\u2019obligation d\u2019adh\u00e9rer \u00e0 un contrat choisi par l\u2019employeur et n\u2019a pas vot\u00e9 pour l\u2019attribution du march\u00e9 au groupement MGEN\/CMP. Une protection sociale plus solidaire et \u00e9galitaire doit \u00eatre mise en place avec l\u2019Assurance Maladie Obligatoire assurant les remboursements \u00e0 100 % des soins prescrits.<br><\/p>\n","protected":false},"excerpt":{"rendered":"<div class=\"mh-excerpt\"><p>Pour le snU.pden FSU, la PSC actuellement mise en place aura pour cons\u00e9quence \u00e0 terme de d\u00e9manteler la S\u00e9curit\u00e9 Sociale. Elle tourne le dos aux principes de la S\u00e9curit\u00e9 Sociale <a class=\"mh-excerpt-more\" href=\"https:\/\/snupden-fsu.fr\/index.php\/snu-pden-fsu-et-psc\/\" title=\"snU.pden-FSU et PSC\">[&#8230;]<\/a><\/p>\n<\/div>","protected":false},"author":1,"featured_media":0,"parent":0,"menu_order":0,"comment_status":"closed","ping_status":"closed","template":"","meta":{"_bbp_topic_count":0,"_bbp_reply_count":0,"_bbp_total_topic_count":0,"_bbp_total_reply_count":0,"_bbp_voice_count":0,"_bbp_anonymous_reply_count":0,"_bbp_topic_count_hidden":0,"_bbp_reply_count_hidden":0,"_bbp_forum_subforum_count":0,"_exactmetrics_skip_tracking":false,"_exactmetrics_sitenote_active":false,"_exactmetrics_sitenote_note":"","_exactmetrics_sitenote_category":0,"footnotes":""},"class_list":["post-5397","page","type-page","status-publish","hentry"],"yoast_head":"<!-- This site is optimized with the Yoast SEO plugin v18.5.1 - https:\/\/yoast.com\/wordpress\/plugins\/seo\/ -->\n<title>snU.pden-FSU et PSC -<\/title>\n<meta name=\"robots\" content=\"index, follow, max-snippet:-1, max-image-preview:large, max-video-preview:-1\" \/>\n<link rel=\"canonical\" href=\"https:\/\/snupden-fsu.fr\/index.php\/snu-pden-fsu-et-psc\/\" \/>\n<meta property=\"og:locale\" content=\"fr_FR\" \/>\n<meta property=\"og:type\" content=\"article\" \/>\n<meta property=\"og:title\" content=\"snU.pden-FSU et PSC -\" \/>\n<meta property=\"og:description\" content=\"Pour le snU.pden FSU, la PSC actuellement mise en place aura pour cons\u00e9quence \u00e0 terme de d\u00e9manteler la S\u00e9curit\u00e9 Sociale. Elle tourne le dos aux principes de la S\u00e9curit\u00e9 Sociale [...]\" \/>\n<meta property=\"og:url\" content=\"https:\/\/snupden-fsu.fr\/index.php\/snu-pden-fsu-et-psc\/\" \/>\n<meta property=\"article:modified_time\" content=\"2026-01-12T08:11:18+00:00\" \/>\n<meta name=\"twitter:card\" content=\"summary_large_image\" \/>\n<meta name=\"twitter:label1\" content=\"Dur\u00e9e de lecture estim\u00e9e\" \/>\n\t<meta name=\"twitter:data1\" content=\"1 minute\" \/>\n<script type=\"application\/ld+json\" class=\"yoast-schema-graph\">{\"@context\":\"https:\/\/schema.org\",\"@graph\":[{\"@type\":\"Organization\",\"@id\":\"https:\/\/snupden-fsu.fr\/#organization\",\"name\":\"snU.Pden-FSU\",\"url\":\"https:\/\/snupden-fsu.fr\/\",\"sameAs\":[],\"logo\":{\"@type\":\"ImageObject\",\"@id\":\"https:\/\/snupden-fsu.fr\/#logo\",\"inLanguage\":\"fr-FR\",\"url\":\"http:\/\/snupden-fsu.fr\/wp-content\/uploads\/2018\/03\/logo_snupden-3.jpg\",\"contentUrl\":\"http:\/\/snupden-fsu.fr\/wp-content\/uploads\/2018\/03\/logo_snupden-3.jpg\",\"width\":612,\"height\":183,\"caption\":\"snU.Pden-FSU\"},\"image\":{\"@id\":\"https:\/\/snupden-fsu.fr\/#logo\"}},{\"@type\":\"WebSite\",\"@id\":\"https:\/\/snupden-fsu.fr\/#website\",\"url\":\"https:\/\/snupden-fsu.fr\/\",\"name\":\"snU.pden-FSU\",\"description\":\"Le snU.pden-FSU devient FSU Per Dir\",\"publisher\":{\"@id\":\"https:\/\/snupden-fsu.fr\/#organization\"},\"potentialAction\":[{\"@type\":\"SearchAction\",\"target\":{\"@type\":\"EntryPoint\",\"urlTemplate\":\"https:\/\/snupden-fsu.fr\/?s={search_term_string}\"},\"query-input\":\"required name=search_term_string\"}],\"inLanguage\":\"fr-FR\"},{\"@type\":\"WebPage\",\"@id\":\"https:\/\/snupden-fsu.fr\/index.php\/snu-pden-fsu-et-psc\/#webpage\",\"url\":\"https:\/\/snupden-fsu.fr\/index.php\/snu-pden-fsu-et-psc\/\",\"name\":\"snU.pden-FSU et PSC -\",\"isPartOf\":{\"@id\":\"https:\/\/snupden-fsu.fr\/#website\"},\"datePublished\":\"2026-01-12T08:11:17+00:00\",\"dateModified\":\"2026-01-12T08:11:18+00:00\",\"breadcrumb\":{\"@id\":\"https:\/\/snupden-fsu.fr\/index.php\/snu-pden-fsu-et-psc\/#breadcrumb\"},\"inLanguage\":\"fr-FR\",\"potentialAction\":[{\"@type\":\"ReadAction\",\"target\":[\"https:\/\/snupden-fsu.fr\/index.php\/snu-pden-fsu-et-psc\/\"]}]},{\"@type\":\"BreadcrumbList\",\"@id\":\"https:\/\/snupden-fsu.fr\/index.php\/snu-pden-fsu-et-psc\/#breadcrumb\",\"itemListElement\":[{\"@type\":\"ListItem\",\"position\":1,\"name\":\"Accueil\",\"item\":\"https:\/\/snupden-fsu.fr\/\"},{\"@type\":\"ListItem\",\"position\":2,\"name\":\"snU.pden-FSU et PSC\"}]}]}<\/script>\n<!-- \/ Yoast SEO plugin. -->","yoast_head_json":{"title":"snU.pden-FSU et PSC -","robots":{"index":"index","follow":"follow","max-snippet":"max-snippet:-1","max-image-preview":"max-image-preview:large","max-video-preview":"max-video-preview:-1"},"canonical":"https:\/\/snupden-fsu.fr\/index.php\/snu-pden-fsu-et-psc\/","og_locale":"fr_FR","og_type":"article","og_title":"snU.pden-FSU et PSC -","og_description":"Pour le snU.pden FSU, la PSC actuellement mise en place aura pour cons\u00e9quence \u00e0 terme de d\u00e9manteler la S\u00e9curit\u00e9 Sociale. Elle tourne le dos aux principes de la S\u00e9curit\u00e9 Sociale [...]","og_url":"https:\/\/snupden-fsu.fr\/index.php\/snu-pden-fsu-et-psc\/","article_modified_time":"2026-01-12T08:11:18+00:00","twitter_card":"summary_large_image","twitter_misc":{"Dur\u00e9e de lecture estim\u00e9e":"1 minute"},"schema":{"@context":"https:\/\/schema.org","@graph":[{"@type":"Organization","@id":"https:\/\/snupden-fsu.fr\/#organization","name":"snU.Pden-FSU","url":"https:\/\/snupden-fsu.fr\/","sameAs":[],"logo":{"@type":"ImageObject","@id":"https:\/\/snupden-fsu.fr\/#logo","inLanguage":"fr-FR","url":"http:\/\/snupden-fsu.fr\/wp-content\/uploads\/2018\/03\/logo_snupden-3.jpg","contentUrl":"http:\/\/snupden-fsu.fr\/wp-content\/uploads\/2018\/03\/logo_snupden-3.jpg","width":612,"height":183,"caption":"snU.Pden-FSU"},"image":{"@id":"https:\/\/snupden-fsu.fr\/#logo"}},{"@type":"WebSite","@id":"https:\/\/snupden-fsu.fr\/#website","url":"https:\/\/snupden-fsu.fr\/","name":"snU.pden-FSU","description":"Le snU.pden-FSU devient FSU Per Dir","publisher":{"@id":"https:\/\/snupden-fsu.fr\/#organization"},"potentialAction":[{"@type":"SearchAction","target":{"@type":"EntryPoint","urlTemplate":"https:\/\/snupden-fsu.fr\/?s={search_term_string}"},"query-input":"required name=search_term_string"}],"inLanguage":"fr-FR"},{"@type":"WebPage","@id":"https:\/\/snupden-fsu.fr\/index.php\/snu-pden-fsu-et-psc\/#webpage","url":"https:\/\/snupden-fsu.fr\/index.php\/snu-pden-fsu-et-psc\/","name":"snU.pden-FSU et PSC -","isPartOf":{"@id":"https:\/\/snupden-fsu.fr\/#website"},"datePublished":"2026-01-12T08:11:17+00:00","dateModified":"2026-01-12T08:11:18+00:00","breadcrumb":{"@id":"https:\/\/snupden-fsu.fr\/index.php\/snu-pden-fsu-et-psc\/#breadcrumb"},"inLanguage":"fr-FR","potentialAction":[{"@type":"ReadAction","target":["https:\/\/snupden-fsu.fr\/index.php\/snu-pden-fsu-et-psc\/"]}]},{"@type":"BreadcrumbList","@id":"https:\/\/snupden-fsu.fr\/index.php\/snu-pden-fsu-et-psc\/#breadcrumb","itemListElement":[{"@type":"ListItem","position":1,"name":"Accueil","item":"https:\/\/snupden-fsu.fr\/"},{"@type":"ListItem","position":2,"name":"snU.pden-FSU et PSC"}]}]}},"_links":{"self":[{"href":"https:\/\/snupden-fsu.fr\/index.php\/wp-json\/wp\/v2\/pages\/5397","targetHints":{"allow":["GET"]}}],"collection":[{"href":"https:\/\/snupden-fsu.fr\/index.php\/wp-json\/wp\/v2\/pages"}],"about":[{"href":"https:\/\/snupden-fsu.fr\/index.php\/wp-json\/wp\/v2\/types\/page"}],"author":[{"embeddable":true,"href":"https:\/\/snupden-fsu.fr\/index.php\/wp-json\/wp\/v2\/users\/1"}],"replies":[{"embeddable":true,"href":"https:\/\/snupden-fsu.fr\/index.php\/wp-json\/wp\/v2\/comments?post=5397"}],"version-history":[{"count":1,"href":"https:\/\/snupden-fsu.fr\/index.php\/wp-json\/wp\/v2\/pages\/5397\/revisions"}],"predecessor-version":[{"id":5398,"href":"https:\/\/snupden-fsu.fr\/index.php\/wp-json\/wp\/v2\/pages\/5397\/revisions\/5398"}],"wp:attachment":[{"href":"https:\/\/snupden-fsu.fr\/index.php\/wp-json\/wp\/v2\/media?parent=5397"}],"curies":[{"name":"wp","href":"https:\/\/api.w.org\/{rel}","templated":true}]}}