{"id":5379,"date":"2026-01-12T08:47:57","date_gmt":"2026-01-12T07:47:57","guid":{"rendered":"https:\/\/snupden-fsu.fr\/?page_id=5379"},"modified":"2026-03-09T15:53:57","modified_gmt":"2026-03-09T14:53:57","slug":"protection-sociale-complementaire","status":"publish","type":"page","link":"https:\/\/snupden-fsu.fr\/index.php\/protection-sociale-complementaire\/","title":{"rendered":"PSC"},"content":{"rendered":"\n<p class=\"has-large-font-size\">Protection Sociale Compl\u00e9mentaire : solidarit\u00e9 ou transfert de charges ?<\/p>\n\n\n\n<p class=\"has-large-font-size\">Cl\u00e9s de lecture et conseils utiles<\/p>\n\n\n\n<figure class=\"wp-block-image size-large\"><img loading=\"lazy\" decoding=\"async\" width=\"1024\" height=\"576\" src=\"http:\/\/snupden-fsu.fr\/wp-content\/uploads\/2025\/12\/PSC-1024x576.png\" alt=\"\" class=\"wp-image-5331\" style=\"aspect-ratio:1.777803093180573\" srcset=\"https:\/\/snupden-fsu.fr\/wp-content\/uploads\/2025\/12\/PSC-1024x576.png 1024w, https:\/\/snupden-fsu.fr\/wp-content\/uploads\/2025\/12\/PSC-300x169.png 300w, https:\/\/snupden-fsu.fr\/wp-content\/uploads\/2025\/12\/PSC-768x432.png 768w, https:\/\/snupden-fsu.fr\/wp-content\/uploads\/2025\/12\/PSC-1536x864.png 1536w, https:\/\/snupden-fsu.fr\/wp-content\/uploads\/2025\/12\/PSC-678x381.png 678w, https:\/\/snupden-fsu.fr\/wp-content\/uploads\/2025\/12\/PSC.png 1920w\" sizes=\"auto, (max-width: 1024px) 100vw, 1024px\" \/><\/figure>\n\n\n\n<p>Pour le sn<strong><em>U<\/em><\/strong>.pden FSU, la PSC Sant\u00e9 actuellement mise en place aura pour cons\u00e9quence \u00e0 terme de d\u00e9manteler la S\u00e9curit\u00e9 Sociale. Elle tourne le dos aux principes de la S\u00e9curit\u00e9 Sociale dont le principal : \u00ab de chacun selon ses moyens, \u00e0 chacun selon ses besoins \u00bb. La cotisation forfaitaire impacte plus les petits traitements et les petites retraites. Son d\u00e9veloppement se traduit par les reculs de la prise en charge des remboursements par l\u2019Assurance Maladie Obligatoire, la marchandisation et l\u2019individualisation de la protection sociale. A terme, le rapport Panier socle\/Options pourra changer avec un panier r\u00e9duit au minimum obligeant le recours aux options.<\/p>\n\n\n\n<p>Le sn<strong><em>U<\/em><\/strong>.pden-FSU met \u00e0 disposition un ensemble d&rsquo;articles au sujet de la Protection Sociale Compl\u00e9mentaire :<\/p>\n\n\n\n<p><a href=\"https:\/\/snupden-fsu.fr\/index.php\/2026\/01\/12\/la-psc-quest-ce-que-cest\/\" target=\"_blank\" rel=\"noreferrer noopener\">La Protection Sociale Compl\u00e9mentaire, qu&rsquo;est-ce que c&rsquo;est ?<\/a><\/p>\n\n\n\n<p><a href=\"https:\/\/snupden-fsu.fr\/index.php\/snu-pden-fsu-et-psc\/\" target=\"_blank\" rel=\"noreferrer noopener\">Le sn<strong><em>U<\/em><\/strong>.pden-FSU et la PSC<\/a><\/p>\n\n\n\n<p><a href=\"https:\/\/snupden-fsu.fr\/index.php\/2026\/01\/12\/parcours-affiliation\/\" target=\"_blank\" rel=\"noreferrer noopener\">Le parcours Affiliation<\/a><\/p>\n\n\n\n<p><a href=\"https:\/\/snupden-fsu.fr\/index.php\/tableau-de-comparaison-des-prestations\/\" target=\"_blank\" rel=\"noreferrer noopener\">Tableau de comparaison des prestations<\/a><\/p>\n\n\n\n<p><a href=\"https:\/\/snupden-fsu.fr\/index.php\/les-tarifs-et-la-prise-en-charge-employeur\/\" target=\"_blank\" rel=\"noreferrer noopener\">Les tarifs et la prise en charge employeur<\/a><\/p>\n\n\n\n<p><a href=\"https:\/\/snupden-fsu.fr\/index.php\/protection-sociale-complementaire-le-contrat-prevoyance\/\" data-type=\"page\" data-id=\"5561\">Protection Sociale Compl\u00e9mentaire : le contrat Pr\u00e9voyance<\/a><\/p>\n\n\n\n<p><a href=\"https:\/\/snupden-fsu.fr\/index.php\/retraites-et-psc\/\" data-type=\"page\" data-id=\"5442\" target=\"_blank\" rel=\"noreferrer noopener\">Retrait\u00e9s et PSC<\/a><\/p>\n\n\n\n<p><a href=\"https:\/\/snupden-fsu.fr\/index.php\/informations-complementaires\/\" data-type=\"page\" data-id=\"5448\" target=\"_blank\" rel=\"noreferrer noopener\">Informations compl\u00e9mentaires<\/a><\/p>\n\n\n\n<p><\/p>\n","protected":false},"excerpt":{"rendered":"<div class=\"mh-excerpt\"><p>Protection Sociale Compl\u00e9mentaire : solidarit\u00e9 ou transfert de charges ? Cl\u00e9s de lecture et conseils utiles Pour le snU.pden FSU, la PSC Sant\u00e9 actuellement mise en place aura pour cons\u00e9quence <a class=\"mh-excerpt-more\" href=\"https:\/\/snupden-fsu.fr\/index.php\/protection-sociale-complementaire\/\" title=\"PSC\">[&#8230;]<\/a><\/p>\n<\/div>","protected":false},"author":1,"featured_media":5331,"parent":0,"menu_order":0,"comment_status":"closed","ping_status":"closed","template":"","meta":{"_bbp_topic_count":0,"_bbp_reply_count":0,"_bbp_total_topic_count":0,"_bbp_total_reply_count":0,"_bbp_voice_count":0,"_bbp_anonymous_reply_count":0,"_bbp_topic_count_hidden":0,"_bbp_reply_count_hidden":0,"_bbp_forum_subforum_count":0,"_exactmetrics_skip_tracking":false,"_exactmetrics_sitenote_active":false,"_exactmetrics_sitenote_note":"","_exactmetrics_sitenote_category":0,"footnotes":""},"class_list":["post-5379","page","type-page","status-publish","has-post-thumbnail","hentry"],"yoast_head":"<!-- This site is optimized with the Yoast SEO plugin v18.5.1 - https:\/\/yoast.com\/wordpress\/plugins\/seo\/ -->\n<title>PSC -<\/title>\n<meta name=\"robots\" content=\"index, follow, max-snippet:-1, max-image-preview:large, max-video-preview:-1\" \/>\n<link rel=\"canonical\" href=\"https:\/\/snupden-fsu.fr\/index.php\/protection-sociale-complementaire\/\" \/>\n<meta property=\"og:locale\" content=\"fr_FR\" \/>\n<meta property=\"og:type\" content=\"article\" \/>\n<meta property=\"og:title\" content=\"PSC -\" \/>\n<meta property=\"og:description\" content=\"Protection Sociale Compl\u00e9mentaire : solidarit\u00e9 ou transfert de charges ? Cl\u00e9s de lecture et conseils utiles Pour le snU.pden FSU, la PSC Sant\u00e9 actuellement mise en place aura pour cons\u00e9quence [...]\" \/>\n<meta property=\"og:url\" content=\"https:\/\/snupden-fsu.fr\/index.php\/protection-sociale-complementaire\/\" \/>\n<meta property=\"article:modified_time\" content=\"2026-03-09T14:53:57+00:00\" \/>\n<meta property=\"og:image\" content=\"http:\/\/snupden-fsu.fr\/wp-content\/uploads\/2025\/12\/PSC.png\" \/>\n\t<meta property=\"og:image:width\" content=\"1920\" \/>\n\t<meta property=\"og:image:height\" content=\"1080\" \/>\n\t<meta property=\"og:image:type\" content=\"image\/png\" \/>\n<meta name=\"twitter:card\" content=\"summary_large_image\" \/>\n<meta name=\"twitter:label1\" content=\"Dur\u00e9e de lecture estim\u00e9e\" \/>\n\t<meta name=\"twitter:data1\" content=\"1 minute\" \/>\n<script type=\"application\/ld+json\" class=\"yoast-schema-graph\">{\"@context\":\"https:\/\/schema.org\",\"@graph\":[{\"@type\":\"Organization\",\"@id\":\"https:\/\/snupden-fsu.fr\/#organization\",\"name\":\"snU.Pden-FSU\",\"url\":\"https:\/\/snupden-fsu.fr\/\",\"sameAs\":[],\"logo\":{\"@type\":\"ImageObject\",\"@id\":\"https:\/\/snupden-fsu.fr\/#logo\",\"inLanguage\":\"fr-FR\",\"url\":\"http:\/\/snupden-fsu.fr\/wp-content\/uploads\/2018\/03\/logo_snupden-3.jpg\",\"contentUrl\":\"http:\/\/snupden-fsu.fr\/wp-content\/uploads\/2018\/03\/logo_snupden-3.jpg\",\"width\":612,\"height\":183,\"caption\":\"snU.Pden-FSU\"},\"image\":{\"@id\":\"https:\/\/snupden-fsu.fr\/#logo\"}},{\"@type\":\"WebSite\",\"@id\":\"https:\/\/snupden-fsu.fr\/#website\",\"url\":\"https:\/\/snupden-fsu.fr\/\",\"name\":\"snU.pden-FSU\",\"description\":\"Le snU.pden-FSU devient FSU Per Dir\",\"publisher\":{\"@id\":\"https:\/\/snupden-fsu.fr\/#organization\"},\"potentialAction\":[{\"@type\":\"SearchAction\",\"target\":{\"@type\":\"EntryPoint\",\"urlTemplate\":\"https:\/\/snupden-fsu.fr\/?s={search_term_string}\"},\"query-input\":\"required name=search_term_string\"}],\"inLanguage\":\"fr-FR\"},{\"@type\":\"ImageObject\",\"@id\":\"https:\/\/snupden-fsu.fr\/index.php\/protection-sociale-complementaire\/#primaryimage\",\"inLanguage\":\"fr-FR\",\"url\":\"https:\/\/snupden-fsu.fr\/wp-content\/uploads\/2025\/12\/PSC.png\",\"contentUrl\":\"https:\/\/snupden-fsu.fr\/wp-content\/uploads\/2025\/12\/PSC.png\",\"width\":1920,\"height\":1080},{\"@type\":\"WebPage\",\"@id\":\"https:\/\/snupden-fsu.fr\/index.php\/protection-sociale-complementaire\/#webpage\",\"url\":\"https:\/\/snupden-fsu.fr\/index.php\/protection-sociale-complementaire\/\",\"name\":\"PSC -\",\"isPartOf\":{\"@id\":\"https:\/\/snupden-fsu.fr\/#website\"},\"primaryImageOfPage\":{\"@id\":\"https:\/\/snupden-fsu.fr\/index.php\/protection-sociale-complementaire\/#primaryimage\"},\"datePublished\":\"2026-01-12T07:47:57+00:00\",\"dateModified\":\"2026-03-09T14:53:57+00:00\",\"breadcrumb\":{\"@id\":\"https:\/\/snupden-fsu.fr\/index.php\/protection-sociale-complementaire\/#breadcrumb\"},\"inLanguage\":\"fr-FR\",\"potentialAction\":[{\"@type\":\"ReadAction\",\"target\":[\"https:\/\/snupden-fsu.fr\/index.php\/protection-sociale-complementaire\/\"]}]},{\"@type\":\"BreadcrumbList\",\"@id\":\"https:\/\/snupden-fsu.fr\/index.php\/protection-sociale-complementaire\/#breadcrumb\",\"itemListElement\":[{\"@type\":\"ListItem\",\"position\":1,\"name\":\"Accueil\",\"item\":\"https:\/\/snupden-fsu.fr\/\"},{\"@type\":\"ListItem\",\"position\":2,\"name\":\"PSC\"}]}]}<\/script>\n<!-- \/ Yoast SEO plugin. -->","yoast_head_json":{"title":"PSC -","robots":{"index":"index","follow":"follow","max-snippet":"max-snippet:-1","max-image-preview":"max-image-preview:large","max-video-preview":"max-video-preview:-1"},"canonical":"https:\/\/snupden-fsu.fr\/index.php\/protection-sociale-complementaire\/","og_locale":"fr_FR","og_type":"article","og_title":"PSC -","og_description":"Protection Sociale Compl\u00e9mentaire : solidarit\u00e9 ou transfert de charges ? Cl\u00e9s de lecture et conseils utiles Pour le snU.pden FSU, la PSC Sant\u00e9 actuellement mise en place aura pour cons\u00e9quence [...]","og_url":"https:\/\/snupden-fsu.fr\/index.php\/protection-sociale-complementaire\/","article_modified_time":"2026-03-09T14:53:57+00:00","og_image":[{"width":1920,"height":1080,"url":"http:\/\/snupden-fsu.fr\/wp-content\/uploads\/2025\/12\/PSC.png","type":"image\/png"}],"twitter_card":"summary_large_image","twitter_misc":{"Dur\u00e9e de lecture estim\u00e9e":"1 minute"},"schema":{"@context":"https:\/\/schema.org","@graph":[{"@type":"Organization","@id":"https:\/\/snupden-fsu.fr\/#organization","name":"snU.Pden-FSU","url":"https:\/\/snupden-fsu.fr\/","sameAs":[],"logo":{"@type":"ImageObject","@id":"https:\/\/snupden-fsu.fr\/#logo","inLanguage":"fr-FR","url":"http:\/\/snupden-fsu.fr\/wp-content\/uploads\/2018\/03\/logo_snupden-3.jpg","contentUrl":"http:\/\/snupden-fsu.fr\/wp-content\/uploads\/2018\/03\/logo_snupden-3.jpg","width":612,"height":183,"caption":"snU.Pden-FSU"},"image":{"@id":"https:\/\/snupden-fsu.fr\/#logo"}},{"@type":"WebSite","@id":"https:\/\/snupden-fsu.fr\/#website","url":"https:\/\/snupden-fsu.fr\/","name":"snU.pden-FSU","description":"Le snU.pden-FSU devient FSU Per Dir","publisher":{"@id":"https:\/\/snupden-fsu.fr\/#organization"},"potentialAction":[{"@type":"SearchAction","target":{"@type":"EntryPoint","urlTemplate":"https:\/\/snupden-fsu.fr\/?s={search_term_string}"},"query-input":"required name=search_term_string"}],"inLanguage":"fr-FR"},{"@type":"ImageObject","@id":"https:\/\/snupden-fsu.fr\/index.php\/protection-sociale-complementaire\/#primaryimage","inLanguage":"fr-FR","url":"https:\/\/snupden-fsu.fr\/wp-content\/uploads\/2025\/12\/PSC.png","contentUrl":"https:\/\/snupden-fsu.fr\/wp-content\/uploads\/2025\/12\/PSC.png","width":1920,"height":1080},{"@type":"WebPage","@id":"https:\/\/snupden-fsu.fr\/index.php\/protection-sociale-complementaire\/#webpage","url":"https:\/\/snupden-fsu.fr\/index.php\/protection-sociale-complementaire\/","name":"PSC -","isPartOf":{"@id":"https:\/\/snupden-fsu.fr\/#website"},"primaryImageOfPage":{"@id":"https:\/\/snupden-fsu.fr\/index.php\/protection-sociale-complementaire\/#primaryimage"},"datePublished":"2026-01-12T07:47:57+00:00","dateModified":"2026-03-09T14:53:57+00:00","breadcrumb":{"@id":"https:\/\/snupden-fsu.fr\/index.php\/protection-sociale-complementaire\/#breadcrumb"},"inLanguage":"fr-FR","potentialAction":[{"@type":"ReadAction","target":["https:\/\/snupden-fsu.fr\/index.php\/protection-sociale-complementaire\/"]}]},{"@type":"BreadcrumbList","@id":"https:\/\/snupden-fsu.fr\/index.php\/protection-sociale-complementaire\/#breadcrumb","itemListElement":[{"@type":"ListItem","position":1,"name":"Accueil","item":"https:\/\/snupden-fsu.fr\/"},{"@type":"ListItem","position":2,"name":"PSC"}]}]}},"_links":{"self":[{"href":"https:\/\/snupden-fsu.fr\/index.php\/wp-json\/wp\/v2\/pages\/5379","targetHints":{"allow":["GET"]}}],"collection":[{"href":"https:\/\/snupden-fsu.fr\/index.php\/wp-json\/wp\/v2\/pages"}],"about":[{"href":"https:\/\/snupden-fsu.fr\/index.php\/wp-json\/wp\/v2\/types\/page"}],"author":[{"embeddable":true,"href":"https:\/\/snupden-fsu.fr\/index.php\/wp-json\/wp\/v2\/users\/1"}],"replies":[{"embeddable":true,"href":"https:\/\/snupden-fsu.fr\/index.php\/wp-json\/wp\/v2\/comments?post=5379"}],"version-history":[{"count":26,"href":"https:\/\/snupden-fsu.fr\/index.php\/wp-json\/wp\/v2\/pages\/5379\/revisions"}],"predecessor-version":[{"id":5566,"href":"https:\/\/snupden-fsu.fr\/index.php\/wp-json\/wp\/v2\/pages\/5379\/revisions\/5566"}],"wp:featuredmedia":[{"embeddable":true,"href":"https:\/\/snupden-fsu.fr\/index.php\/wp-json\/wp\/v2\/media\/5331"}],"wp:attachment":[{"href":"https:\/\/snupden-fsu.fr\/index.php\/wp-json\/wp\/v2\/media?parent=5379"}],"curies":[{"name":"wp","href":"https:\/\/api.w.org\/{rel}","templated":true}]}}